{"id":310,"date":"2023-01-12T11:43:25","date_gmt":"2023-01-12T10:43:25","guid":{"rendered":"https:\/\/test.feuerwehrdelingsdorf.de\/?page_id=310"},"modified":"2023-02-26T10:46:12","modified_gmt":"2023-02-26T09:46:12","slug":"bau-tagebuch","status":"publish","type":"page","link":"https:\/\/test.feuerwehrdelingsdorf.de\/index.php\/technik\/geraetehaeuser\/bau-tagebuch\/","title":{"rendered":"Bau-Tagebuch"},"content":{"rendered":"<ul class=\"wp-block-latest-posts__list aligncenter wp-block-latest-posts\"><li><a class=\"wp-block-latest-posts__post-title\" href=\"https:\/\/test.feuerwehrdelingsdorf.de\/index.php\/aufstellung-des-bauzaunes-und-anlieferung-des-baggers\/\">Aufstellung des Bauzaunes und Anlieferung des Baggers<\/a><div class=\"wp-block-latest-posts__post-full-content\"><p style=\"text-align: center\">Der Bauzaun wurde am 25.01. aufgestellt. Au\u00dferdem wurde ein Bagger f\u00fcr die Bodenarbeiten angeliefert.<\/p>\n<p><\/p>\n\n<!-- wp:image {\"align\":\"center\",\"id\":448,\"sizeSlug\":\"large\",\"linkDestination\":\"none\"} -->\n<figure class=\"wp-block-image aligncenter size-large\"><img loading=\"lazy\" decoding=\"async\" width=\"1024\" height=\"768\" src=\"https:\/\/test.feuerwehrdelingsdorf.de\/wp-content\/uploads\/2023\/02\/6F884C2F-FFD0-4156-895E-41A4866868FF-1024x768.jpeg\" alt=\"\" class=\"wp-image-448\" srcset=\"https:\/\/test.feuerwehrdelingsdorf.de\/wp-content\/uploads\/2023\/02\/6F884C2F-FFD0-4156-895E-41A4866868FF-1024x768.jpeg 1024w, https:\/\/test.feuerwehrdelingsdorf.de\/wp-content\/uploads\/2023\/02\/6F884C2F-FFD0-4156-895E-41A4866868FF-300x225.jpeg 300w, https:\/\/test.feuerwehrdelingsdorf.de\/wp-content\/uploads\/2023\/02\/6F884C2F-FFD0-4156-895E-41A4866868FF-768x576.jpeg 768w, https:\/\/test.feuerwehrdelingsdorf.de\/wp-content\/uploads\/2023\/02\/6F884C2F-FFD0-4156-895E-41A4866868FF-1536x1152.jpeg 1536w, https:\/\/test.feuerwehrdelingsdorf.de\/wp-content\/uploads\/2023\/02\/6F884C2F-FFD0-4156-895E-41A4866868FF-2048x1536.jpeg 2048w, https:\/\/test.feuerwehrdelingsdorf.de\/wp-content\/uploads\/2023\/02\/6F884C2F-FFD0-4156-895E-41A4866868FF-1440x1080.jpeg 1440w\" sizes=\"auto, (max-width: 1024px) 100vw, 1024px\" \/><\/figure>\n<!-- \/wp:image --><\/div><\/li>\n<li><a class=\"wp-block-latest-posts__post-title\" href=\"https:\/\/test.feuerwehrdelingsdorf.de\/index.php\/rohdung-des-bauplatzes\/\">Rohdung des Bauplatzes<\/a><div class=\"wp-block-latest-posts__post-full-content\"><!-- wp:paragraph {\"align\":\"center\"} -->\n<p class=\"has-text-align-center\">Am 12.01. begann die Rohdung des neuen Bauplatzes an der Timmerhorner Stra\u00dfe.<br>Die Rohdung wurde von Feuerwehrkameraden durchgef\u00fchrt. Das war zus\u00e4tzlich eine gute \u00dcbung f\u00fcr unsere S\u00e4gef\u00fchrer.<\/p>\n<!-- \/wp:paragraph -->\n\n<!-- wp:image {\"align\":\"center\",\"id\":427,\"sizeSlug\":\"large\",\"linkDestination\":\"none\",\"className\":\"is-style-default\"} -->\n<figure class=\"wp-block-image aligncenter size-large is-style-default\"><img loading=\"lazy\" decoding=\"async\" width=\"1024\" height=\"768\" src=\"https:\/\/test.feuerwehrdelingsdorf.de\/wp-content\/uploads\/2023\/01\/IMG_1832-1024x768.jpg\" alt=\"\" class=\"wp-image-427\" srcset=\"https:\/\/test.feuerwehrdelingsdorf.de\/wp-content\/uploads\/2023\/01\/IMG_1832-1024x768.jpg 1024w, https:\/\/test.feuerwehrdelingsdorf.de\/wp-content\/uploads\/2023\/01\/IMG_1832-300x225.jpg 300w, https:\/\/test.feuerwehrdelingsdorf.de\/wp-content\/uploads\/2023\/01\/IMG_1832-768x576.jpg 768w, https:\/\/test.feuerwehrdelingsdorf.de\/wp-content\/uploads\/2023\/01\/IMG_1832-1536x1152.jpg 1536w, https:\/\/test.feuerwehrdelingsdorf.de\/wp-content\/uploads\/2023\/01\/IMG_1832-2048x1536.jpg 2048w, https:\/\/test.feuerwehrdelingsdorf.de\/wp-content\/uploads\/2023\/01\/IMG_1832-1440x1080.jpg 1440w\" sizes=\"auto, (max-width: 1024px) 100vw, 1024px\" \/><\/figure>\n<!-- \/wp:image --><\/div><\/li>\n<\/ul>","protected":false},"excerpt":{"rendered":"","protected":false},"author":6,"featured_media":0,"parent":235,"menu_order":0,"comment_status":"closed","ping_status":"closed","template":"","meta":{"footnotes":""},"class_list":["post-310","page","type-page","status-publish","hentry"],"jetpack_sharing_enabled":true,"_links":{"self":[{"href":"https:\/\/test.feuerwehrdelingsdorf.de\/index.php\/wp-json\/wp\/v2\/pages\/310","targetHints":{"allow":["GET"]}}],"collection":[{"href":"https:\/\/test.feuerwehrdelingsdorf.de\/index.php\/wp-json\/wp\/v2\/pages"}],"about":[{"href":"https:\/\/test.feuerwehrdelingsdorf.de\/index.php\/wp-json\/wp\/v2\/types\/page"}],"author":[{"embeddable":true,"href":"https:\/\/test.feuerwehrdelingsdorf.de\/index.php\/wp-json\/wp\/v2\/users\/6"}],"replies":[{"embeddable":true,"href":"https:\/\/test.feuerwehrdelingsdorf.de\/index.php\/wp-json\/wp\/v2\/comments?post=310"}],"version-history":[{"count":8,"href":"https:\/\/test.feuerwehrdelingsdorf.de\/index.php\/wp-json\/wp\/v2\/pages\/310\/revisions"}],"predecessor-version":[{"id":455,"href":"https:\/\/test.feuerwehrdelingsdorf.de\/index.php\/wp-json\/wp\/v2\/pages\/310\/revisions\/455"}],"up":[{"embeddable":true,"href":"https:\/\/test.feuerwehrdelingsdorf.de\/index.php\/wp-json\/wp\/v2\/pages\/235"}],"wp:attachment":[{"href":"https:\/\/test.feuerwehrdelingsdorf.de\/index.php\/wp-json\/wp\/v2\/media?parent=310"}],"curies":[{"name":"wp","href":"https:\/\/api.w.org\/{rel}","templated":true}]}}