{"id":284,"date":"2022-11-21T13:47:51","date_gmt":"2022-11-21T12:47:51","guid":{"rendered":"https:\/\/test.feuerwehrdelingsdorf.de\/?page_id=284"},"modified":"2022-11-21T14:12:59","modified_gmt":"2022-11-21T13:12:59","slug":"grosseinsaetze-in-delingsdorf","status":"publish","type":"page","link":"https:\/\/test.feuerwehrdelingsdorf.de\/index.php\/einsatzabteilung\/grosseinsaetze-in-delingsdorf\/","title":{"rendered":"Gro\u00dfeins\u00e4tze in Delingsdorf"},"content":{"rendered":"<ul>\n<li style=\"list-style-type: none;\"><div id=\"twp-292\" class=\"style-another\">\r\n            <div id=\"twp-telement-0\" class=\"timeline\">\r\n            <div class=\"timeline-content\">\r\n\r\n                <div class=\"timeline-year\">\r\n                    <span>\ud83d\udd50<\/span>                <\/div>\r\n                \r\n                <div class=\"timeline-icon\">\r\n                                            <i class=\"fab fa-hotjar\"><\/i>\r\n                                    <\/div>\r\n\r\n                <h3 class=\"title\">30. Jul. 2021<\/h3>                <div class=\"description\">Gro\u00dffeuer L\u00fcbecker Stra\u00dfe<\/div>            <\/div>\r\n        <\/div>\r\n            <div id=\"twp-telement-1\" class=\"timeline\">\r\n            <div class=\"timeline-content\">\r\n\r\n                <div class=\"timeline-year\">\r\n                    <span>\ud83d\udd50<\/span>                <\/div>\r\n                \r\n                <div class=\"timeline-icon\">\r\n                                            <i class=\"fas fa-shield-alt\"><\/i>\r\n                                    <\/div>\r\n\r\n                <h3 class=\"title\">04. Feb. 2015<\/h3>                <div class=\"description\">Gasleitung besch\u00e4digt (Abzweiger von Hauptleitung)<\/div>            <\/div>\r\n        <\/div>\r\n            <div id=\"twp-telement-2\" class=\"timeline\">\r\n            <div class=\"timeline-content\">\r\n\r\n                <div class=\"timeline-year\">\r\n                    <span>\ud83d\udd50<\/span>                <\/div>\r\n                \r\n                <div class=\"timeline-icon\">\r\n                                            <i class=\"fab fa-hotjar\"><\/i>\r\n                                    <\/div>\r\n\r\n                <h3 class=\"title\">26. M\u00e4rz 2005<\/h3>                <div class=\"description\">Gro\u00dffeuer DHH Langenrieh<\/div>            <\/div>\r\n        <\/div>\r\n            <div id=\"twp-telement-3\" class=\"timeline\">\r\n            <div class=\"timeline-content\">\r\n\r\n                <div class=\"timeline-year\">\r\n                    <span>\ud83d\udd50<\/span>                <\/div>\r\n                \r\n                <div class=\"timeline-icon\">\r\n                                            <i class=\"fab fa-hotjar\"><\/i>\r\n                                    <\/div>\r\n\r\n                <h3 class=\"title\">31. Dez. 1991<\/h3>                <div class=\"description\">Gro\u00dffeuer bei Conrath (Reetdachhaus)\r\n<\/div>            <\/div>\r\n        <\/div>\r\n            <div id=\"twp-telement-4\" class=\"timeline\">\r\n            <div class=\"timeline-content\">\r\n\r\n                <div class=\"timeline-year\">\r\n                    <span>\ud83d\udd50<\/span>                <\/div>\r\n                \r\n                <div class=\"timeline-icon\">\r\n                                            <i class=\"fab fa-hotjar\"><\/i>\r\n                                    <\/div>\r\n\r\n                <h3 class=\"title\">27. Jan. 1979<\/h3>                <div class=\"description\">Gro\u00dffeuer Geh\u00f6ft Ernst Buck (Asahi-Karate-Schule)<\/div>            <\/div>\r\n        <\/div>\r\n            <div id=\"twp-telement-5\" class=\"timeline\">\r\n            <div class=\"timeline-content\">\r\n\r\n                <div class=\"timeline-year\">\r\n                    <span>\ud83d\udd50<\/span>                <\/div>\r\n                \r\n                <div class=\"timeline-icon\">\r\n                                            <i class=\"fab fa-hotjar\"><\/i>\r\n                                    <\/div>\r\n\r\n                <h3 class=\"title\">31. Dez. 1973<\/h3>                <div class=\"description\">Gro\u00dffeuer Geh\u00f6ft und Gastwirtschaft Erna Brockmann<\/div>            <\/div>\r\n        <\/div>\r\n            <div id=\"twp-telement-6\" class=\"timeline\">\r\n            <div class=\"timeline-content\">\r\n\r\n                <div class=\"timeline-year\">\r\n                    <span>\ud83d\udd50<\/span>                <\/div>\r\n                \r\n                <div class=\"timeline-icon\">\r\n                                            <i class=\"fab fa-hotjar\"><\/i>\r\n                                    <\/div>\r\n\r\n                <h3 class=\"title\">27. Dez. 1972<\/h3>                <div class=\"description\">Gro\u00dffeuer Lager- und Ger\u00e4teschuppen G\u00fcnter Schmidt<\/div>            <\/div>\r\n        <\/div>\r\n            <div id=\"twp-telement-7\" class=\"timeline\">\r\n            <div class=\"timeline-content\">\r\n\r\n                <div class=\"timeline-year\">\r\n                    <span>\ud83d\udd50<\/span>                <\/div>\r\n                \r\n                <div class=\"timeline-icon\">\r\n                                            <i class=\"fab fa-hotjar\"><\/i>\r\n                                    <\/div>\r\n\r\n                <h3 class=\"title\">08. Nov. 1971<\/h3>                <div class=\"description\">Gro\u00dffeuer Scheune G\u00fcnter Glantz<\/div>            <\/div>\r\n        <\/div>\r\n            <div id=\"twp-telement-8\" class=\"timeline\">\r\n            <div class=\"timeline-content\">\r\n\r\n                <div class=\"timeline-year\">\r\n                    <span>\ud83d\udd50<\/span>                <\/div>\r\n                \r\n                <div class=\"timeline-icon\">\r\n                                            <i class=\"fab fa-hotjar\"><\/i>\r\n                                    <\/div>\r\n\r\n                <h3 class=\"title\">20. Aug. 1968<\/h3>                <div class=\"description\">Gro\u00dffeuer Stallgeb\u00e4ude Walter Heitmann<\/div>            <\/div>\r\n        <\/div>\r\n            <div id=\"twp-telement-9\" class=\"timeline\">\r\n            <div class=\"timeline-content\">\r\n\r\n                <div class=\"timeline-year\">\r\n                    <span>\ud83d\udd50<\/span>                <\/div>\r\n                \r\n                <div class=\"timeline-icon\">\r\n                                            <i class=\"fab fa-hotjar\"><\/i>\r\n                                    <\/div>\r\n\r\n                <h3 class=\"title\">26. Aug. 1967<\/h3>                <div class=\"description\">Gro\u00dffeuer Scheune Karl Ruge<\/div>            <\/div>\r\n        <\/div>\r\n            <div id=\"twp-telement-10\" class=\"timeline\">\r\n            <div class=\"timeline-content\">\r\n\r\n                <div class=\"timeline-year\">\r\n                    <span>\ud83d\udd50<\/span>                <\/div>\r\n                \r\n                <div class=\"timeline-icon\">\r\n                                            <i class=\"fab fa-hotjar\"><\/i>\r\n                                    <\/div>\r\n\r\n                <h3 class=\"title\">31 Dez. 1964<\/h3>                <div class=\"description\">Gro\u00dffeuer Scheune Alfred Krohn<\/div>            <\/div>\r\n        <\/div>\r\n            <div id=\"twp-telement-11\" class=\"timeline\">\r\n            <div class=\"timeline-content\">\r\n\r\n                <div class=\"timeline-year\">\r\n                    <span>\ud83d\udd50<\/span>                <\/div>\r\n                \r\n                <div class=\"timeline-icon\">\r\n                                            <i class=\"fab fa-hotjar\"><\/i>\r\n                                    <\/div>\r\n\r\n                <h3 class=\"title\">18. M\u00e4rz 1962<\/h3>                <div class=\"description\">Gro\u00dffeuer Scheune Claus Untiedt<\/div>            <\/div>\r\n        <\/div>\r\n            <div id=\"twp-telement-12\" class=\"timeline\">\r\n            <div class=\"timeline-content\">\r\n\r\n                <div class=\"timeline-year\">\r\n                    <span>\ud83d\udd50<\/span>                <\/div>\r\n                \r\n                <div class=\"timeline-icon\">\r\n                                            <i class=\"fab fa-hotjar\"><\/i>\r\n                                    <\/div>\r\n\r\n                <h3 class=\"title\">23. Feb. 1961<\/h3>                <div class=\"description\">Gro\u00dffeuer Geh\u00f6ft Herbert Diestel<\/div>            <\/div>\r\n        <\/div>\r\n            <div id=\"twp-telement-13\" class=\"timeline\">\r\n            <div class=\"timeline-content\">\r\n\r\n                <div class=\"timeline-year\">\r\n                    <span>\ud83d\udd50<\/span>                <\/div>\r\n                \r\n                <div class=\"timeline-icon\">\r\n                                            <i class=\"fab fa-hotjar\"><\/i>\r\n                                    <\/div>\r\n\r\n                <h3 class=\"title\">26. Juli 1911<\/h3>                <div class=\"description\">Gro\u00dffeuer Geh\u00f6ft von August Pem\u00f6ller (L\u00fcbecker Stra\u00dfe)<\/div>            <\/div>\r\n        <\/div>\r\n            <div id=\"twp-telement-14\" class=\"timeline\">\r\n            <div class=\"timeline-content\">\r\n\r\n                <div class=\"timeline-year\">\r\n                    <span>\ud83d\udd50<\/span>                <\/div>\r\n                \r\n                <div class=\"timeline-icon\">\r\n                                            <i class=\"fab fa-hotjar\"><\/i>\r\n                                    <\/div>\r\n\r\n                <h3 class=\"title\">03. Jan. 1898<\/h3>                <div class=\"description\">Gro\u00dffeuer Wohnhaus des Schlachters Arps<\/div>            <\/div>\r\n        <\/div>\r\n            <div id=\"twp-telement-15\" class=\"timeline\">\r\n            <div class=\"timeline-content\">\r\n\r\n                <div class=\"timeline-year\">\r\n                    <span>\ud83d\udd50<\/span>                <\/div>\r\n                \r\n                <div class=\"timeline-icon\">\r\n                                            <i class=\"fab fa-hotjar\"><\/i>\r\n                                    <\/div>\r\n\r\n                <h3 class=\"title\">05. Dez. 1897<\/h3>                <div class=\"description\">Gro\u00dffeuer Geh\u00f6ft im Wohld<\/div>            <\/div>\r\n        <\/div>\r\n            <div id=\"twp-telement-16\" class=\"timeline\">\r\n            <div class=\"timeline-content\">\r\n\r\n                <div class=\"timeline-year\">\r\n                    <span>\ud83d\udd50<\/span>                <\/div>\r\n                \r\n                <div class=\"timeline-icon\">\r\n                                            <i class=\"fab fa-hotjar\"><\/i>\r\n                                    <\/div>\r\n\r\n                <h3 class=\"title\">01. Aug. 1891<\/h3>                <div class=\"description\">Gro\u00dffeuer Zwei Scheunen auf dem Windberg<\/div>            <\/div>\r\n        <\/div>\r\n            <div id=\"twp-telement-17\" class=\"timeline\">\r\n            <div class=\"timeline-content\">\r\n\r\n                <div class=\"timeline-year\">\r\n                    <span>\ud83d\udd50<\/span>                <\/div>\r\n                \r\n                <div class=\"timeline-icon\">\r\n                                            <i class=\"fab fa-hotjar\"><\/i>\r\n                                    <\/div>\r\n\r\n                <h3 class=\"title\">28. Okt. 1890<\/h3>                <div class=\"description\">Gro\u00dffeuer Scheune des Vollhufners Ruge<\/div>            <\/div>\r\n        <\/div>\r\n    <\/div>\r\n\r\n<style>\r\n    #twp-292.style-another:before{\r\n        border-color:#ab2524;\r\n    }#twp-292.style-another:after{\r\n        border-color:#ab2524;\r\n    }#twp-292.style-another .timeline-year:after{\r\n        border-color:#ab2524;\r\n        border-left-color: transparent;\r\n    }#twp-292.style-another .timeline-content{\r\n        border-color:#ab2524;\r\n    }#twp-292.style-another .title, #twp-292.style-another .description {\r\n        color:#ab2524;\r\n    }#twp-292.style-another .timeline-content:after, #twp-292.style-another .timeline-icon, #twp-292.style-another .timeline-year {\r\n        background-color:#ab2524;\r\n    }#twp-292.style-another .title {\r\n        color:#0065cf;\r\n    }#twp-292.style-another .timeline-icon {\r\n        color:#ffffff;\r\n    }#twp-292.style-another .timeline-year{\r\n        color:#0065cf;\r\n    }#twp-292.style-another .description {\r\n        color:#0065cf;\r\n    }<\/style>\r\n\r\n\r\n<\/li>\n<\/ul>\n","protected":false},"excerpt":{"rendered":"","protected":false},"author":6,"featured_media":0,"parent":72,"menu_order":0,"comment_status":"closed","ping_status":"closed","template":"","meta":{"footnotes":""},"class_list":["post-284","page","type-page","status-publish","hentry"],"jetpack_sharing_enabled":true,"_links":{"self":[{"href":"https:\/\/test.feuerwehrdelingsdorf.de\/index.php\/wp-json\/wp\/v2\/pages\/284","targetHints":{"allow":["GET"]}}],"collection":[{"href":"https:\/\/test.feuerwehrdelingsdorf.de\/index.php\/wp-json\/wp\/v2\/pages"}],"about":[{"href":"https:\/\/test.feuerwehrdelingsdorf.de\/index.php\/wp-json\/wp\/v2\/types\/page"}],"author":[{"embeddable":true,"href":"https:\/\/test.feuerwehrdelingsdorf.de\/index.php\/wp-json\/wp\/v2\/users\/6"}],"replies":[{"embeddable":true,"href":"https:\/\/test.feuerwehrdelingsdorf.de\/index.php\/wp-json\/wp\/v2\/comments?post=284"}],"version-history":[{"count":6,"href":"https:\/\/test.feuerwehrdelingsdorf.de\/index.php\/wp-json\/wp\/v2\/pages\/284\/revisions"}],"predecessor-version":[{"id":294,"href":"https:\/\/test.feuerwehrdelingsdorf.de\/index.php\/wp-json\/wp\/v2\/pages\/284\/revisions\/294"}],"up":[{"embeddable":true,"href":"https:\/\/test.feuerwehrdelingsdorf.de\/index.php\/wp-json\/wp\/v2\/pages\/72"}],"wp:attachment":[{"href":"https:\/\/test.feuerwehrdelingsdorf.de\/index.php\/wp-json\/wp\/v2\/media?parent=284"}],"curies":[{"name":"wp","href":"https:\/\/api.w.org\/{rel}","templated":true}]}}