{"id":255,"date":"2022-11-20T21:36:24","date_gmt":"2022-11-20T20:36:24","guid":{"rendered":"https:\/\/test.feuerwehrdelingsdorf.de\/?page_id=255"},"modified":"2023-03-07T22:50:29","modified_gmt":"2023-03-07T21:50:29","slug":"partner-der-feuerwehr","status":"publish","type":"page","link":"https:\/\/test.feuerwehrdelingsdorf.de\/index.php\/partner-der-feuerwehr\/","title":{"rendered":"Partner der Feuerwehr"},"content":{"rendered":"\n<p class=\"has-text-align-center\">Jedes Mitglied einer freiwilligen Feuerwehr geht im Alltag einem normalen Beruf nach. Ein Notfall h\u00e4lt sich jedoch nicht an unsere Arbeitszeiten. In der aktuellen Gesellschaft ist es nicht selbstverst\u00e4ndlich, dass wir bei einer Alarmierung sofort unseren Arbeitsplatz verlassen d\u00fcrfen und w\u00e4hrend eines Einsatzes im Betrieb fehlen k\u00f6nnen. Wir machen den Job bei der Feuerwehr ehrenamtlich! Das bedeutet, dass sowohl das Unternehmen als auch wir Geld verlieren.<\/p>\n\n\n<div class=\"wp-block-image\">\n<figure class=\"aligncenter size-full is-resized\"><img loading=\"lazy\" decoding=\"async\" src=\"https:\/\/test.feuerwehrdelingsdorf.de\/wp-content\/uploads\/2023\/01\/partner_der_feuerwehr-e1497018420583.gif\" alt=\"\" class=\"wp-image-318\" width=\"226\" height=\"318\"\/><\/figure>\n<\/div>\n\n\n<p class=\"has-text-align-center\">Deshalb hat der deutsche Feuerwehrverband die Aktion \u201ePartner der Feuerwehr\u201c ins Leben gerufen, um auf die Problematik aufmerksam zu machen. Er zeichnet Firmen aus die, ohne zu z\u00f6gern, unsere Arbeiten in der freiwilligen Feuerwehr unterst\u00fctzen und in Kauf nehmen das sie selbst Nachteile erleiden.<\/p>\n\n\n\n<p class=\"has-text-align-center\"><br>Folgende Firmen in Delingsdorf sind durch den deutschen Feuerwehrverband ausgezeichnet:<\/p>\n\n\n<div class=\"wp-block-image\">\n<figure class=\"aligncenter size-full\"><img loading=\"lazy\" decoding=\"async\" width=\"188\" height=\"180\" src=\"https:\/\/test.feuerwehrdelingsdorf.de\/wp-content\/uploads\/2023\/01\/glantz_logo240180100-e1497018268883.jpg\" alt=\"\" class=\"wp-image-317\"\/><\/figure>\n<\/div>","protected":false},"excerpt":{"rendered":"<p>Jedes Mitglied einer freiwilligen Feuerwehr geht im Alltag einem normalen Beruf nach. Ein Notfall h\u00e4lt sich jedoch nicht an unsere Arbeitszeiten. In der aktuellen Gesellschaft ist es nicht selbstverst\u00e4ndlich, dass wir bei einer Alarmierung sofort unseren Arbeitsplatz verlassen d\u00fcrfen und w\u00e4hrend eines Einsatzes im Betrieb fehlen k\u00f6nnen. Wir machen den Job bei der Feuerwehr ehrenamtlich!&hellip; <br \/> <a class=\"read-more\" href=\"https:\/\/test.feuerwehrdelingsdorf.de\/index.php\/partner-der-feuerwehr\/\">Weiterlesen<\/a><\/p>\n","protected":false},"author":6,"featured_media":0,"parent":0,"menu_order":0,"comment_status":"closed","ping_status":"closed","template":"","meta":{"footnotes":""},"class_list":["post-255","page","type-page","status-publish","hentry"],"jetpack_sharing_enabled":true,"_links":{"self":[{"href":"https:\/\/test.feuerwehrdelingsdorf.de\/index.php\/wp-json\/wp\/v2\/pages\/255","targetHints":{"allow":["GET"]}}],"collection":[{"href":"https:\/\/test.feuerwehrdelingsdorf.de\/index.php\/wp-json\/wp\/v2\/pages"}],"about":[{"href":"https:\/\/test.feuerwehrdelingsdorf.de\/index.php\/wp-json\/wp\/v2\/types\/page"}],"author":[{"embeddable":true,"href":"https:\/\/test.feuerwehrdelingsdorf.de\/index.php\/wp-json\/wp\/v2\/users\/6"}],"replies":[{"embeddable":true,"href":"https:\/\/test.feuerwehrdelingsdorf.de\/index.php\/wp-json\/wp\/v2\/comments?post=255"}],"version-history":[{"count":7,"href":"https:\/\/test.feuerwehrdelingsdorf.de\/index.php\/wp-json\/wp\/v2\/pages\/255\/revisions"}],"predecessor-version":[{"id":493,"href":"https:\/\/test.feuerwehrdelingsdorf.de\/index.php\/wp-json\/wp\/v2\/pages\/255\/revisions\/493"}],"wp:attachment":[{"href":"https:\/\/test.feuerwehrdelingsdorf.de\/index.php\/wp-json\/wp\/v2\/media?parent=255"}],"curies":[{"name":"wp","href":"https:\/\/api.w.org\/{rel}","templated":true}]}}