{"id":235,"date":"2022-11-20T19:12:49","date_gmt":"2022-11-20T18:12:49","guid":{"rendered":"https:\/\/test.feuerwehrdelingsdorf.de\/?page_id=235"},"modified":"2023-01-19T21:20:28","modified_gmt":"2023-01-19T20:20:28","slug":"geraetehaeuser","status":"publish","type":"page","link":"https:\/\/test.feuerwehrdelingsdorf.de\/index.php\/technik\/geraetehaeuser\/","title":{"rendered":"Ger\u00e4teh\u00e4user"},"content":{"rendered":"<h3>1. Ger\u00e4tehaus<\/h3>\n<p>Zur Brandbek\u00e4mpfung stand der FF Delingsdorf ab 1886 zun\u00e4chst jahrzehntelang eine vierr\u00e4dige, bespannte Handdruckspritze zur Verf\u00fcgung, die im ersten Ger\u00e4tehaus der Wehr auf dem Grundst\u00fcck des ersten Wehrf\u00fchrers Johann Gerken in der L\u00fcbecker Stra\u00dfe \/ Ecke Dorfstra\u00dfe untergebracht war, bis das Mietverh\u00e4ltnis im April 1935 gek\u00fcndigt wurde.<\/p>\n<hr \/>\n<h3>2. Ger\u00e4tehaus<\/h3>\n<p>Im Jahre 1935 wurde ein zweites Ger\u00e4tehaus durch die Gemeinde an der Schulstra\u00dfe, auf dem sogenannten Kannenplatz, errichtet. Die Gemeinde beschloss den Bau am 8. Februar 1935. Dieses Geb\u00e4ude steht mit nur wenigen Ver\u00e4nderungen noch heute an dieser Stelle.<\/p>\n<hr \/>\n<h3>3. Ger\u00e4tehaus<\/h3>\n<p>Im Jahre 1969 wurde mit dem Bau eines neuen Ger\u00e4tehauses begonnen, welches ebenfalls in der Schulstra\u00dfe errichtet wurde. Baubeginn war Mitte August, und schon am 31. Oktober 1969 konnte das Richtfest gefeiert werden. Die im Obergeschoss befindlichen Wohnungen wurden im Juli 1970 bezogen, die feierliche \u00dcbergabe an die Feuerwehr fand am 26. September 1970 statt. Die Delingsdorfer Wehrm\u00e4nner leisteten ca. 600 Stunden f\u00fcr die Errichtung des Bauwerkes und die Installation der technischen Anlagen. Die Feuerwehr verf\u00fcgt nun \u00fcber zwei Stellpl\u00e4tze f\u00fcr Feuerwehrfahrzeuge mit einer Nutzfl\u00e4che von 174 qm. Im Jahre 2003 wurde die Baul\u00fccke zwischen Kindergarten und dem neuen Ger\u00e4tehaus mit dem 3. Stellplatz geschlossen.<\/p>\n<hr \/>\n<h3>4. Ger\u00e4tehaus<\/h3>\n<p>Das 4. Feuerwehrger\u00e4tehaus ist nach langer Planungsphase nun von der Gemeinde beschlossen und wird in der Timmerhorner Stra\u00dfe auf der Obstwiese gebaut. Der Baubeginn soll Anfang 2023 erfolgen.<\/p>\n<p>Weitere Informationen zu dem aktuellen Stand, finden Sie in unserem <a href=\"https:\/\/test.feuerwehrdelingsdorf.de\/index.php\/technik\/geraetehaeuser\/bau-tagebuch\/\">Bau-Tagebuch<\/a><\/p>\n","protected":false},"excerpt":{"rendered":"<p>1. Ger\u00e4tehaus Zur Brandbek\u00e4mpfung stand der FF Delingsdorf ab 1886 zun\u00e4chst jahrzehntelang eine vierr\u00e4dige, bespannte Handdruckspritze zur Verf\u00fcgung, die im ersten Ger\u00e4tehaus der Wehr auf dem Grundst\u00fcck des ersten Wehrf\u00fchrers Johann Gerken in der L\u00fcbecker Stra\u00dfe \/ Ecke Dorfstra\u00dfe untergebracht war, bis das Mietverh\u00e4ltnis im April 1935 gek\u00fcndigt wurde. 2. Ger\u00e4tehaus Im Jahre 1935 wurde&hellip; <br \/> <a class=\"read-more\" href=\"https:\/\/test.feuerwehrdelingsdorf.de\/index.php\/technik\/geraetehaeuser\/\">Weiterlesen<\/a><\/p>\n","protected":false},"author":6,"featured_media":0,"parent":177,"menu_order":0,"comment_status":"closed","ping_status":"closed","template":"","meta":{"footnotes":""},"class_list":["post-235","page","type-page","status-publish","hentry"],"jetpack_sharing_enabled":true,"_links":{"self":[{"href":"https:\/\/test.feuerwehrdelingsdorf.de\/index.php\/wp-json\/wp\/v2\/pages\/235","targetHints":{"allow":["GET"]}}],"collection":[{"href":"https:\/\/test.feuerwehrdelingsdorf.de\/index.php\/wp-json\/wp\/v2\/pages"}],"about":[{"href":"https:\/\/test.feuerwehrdelingsdorf.de\/index.php\/wp-json\/wp\/v2\/types\/page"}],"author":[{"embeddable":true,"href":"https:\/\/test.feuerwehrdelingsdorf.de\/index.php\/wp-json\/wp\/v2\/users\/6"}],"replies":[{"embeddable":true,"href":"https:\/\/test.feuerwehrdelingsdorf.de\/index.php\/wp-json\/wp\/v2\/comments?post=235"}],"version-history":[{"count":6,"href":"https:\/\/test.feuerwehrdelingsdorf.de\/index.php\/wp-json\/wp\/v2\/pages\/235\/revisions"}],"predecessor-version":[{"id":438,"href":"https:\/\/test.feuerwehrdelingsdorf.de\/index.php\/wp-json\/wp\/v2\/pages\/235\/revisions\/438"}],"up":[{"embeddable":true,"href":"https:\/\/test.feuerwehrdelingsdorf.de\/index.php\/wp-json\/wp\/v2\/pages\/177"}],"wp:attachment":[{"href":"https:\/\/test.feuerwehrdelingsdorf.de\/index.php\/wp-json\/wp\/v2\/media?parent=235"}],"curies":[{"name":"wp","href":"https:\/\/api.w.org\/{rel}","templated":true}]}}