{"id":141,"date":"2022-11-19T15:21:46","date_gmt":"2022-11-19T14:21:46","guid":{"rendered":"https:\/\/test.feuerwehrdelingsdorf.de\/?page_id=141"},"modified":"2023-02-27T20:25:09","modified_gmt":"2023-02-27T19:25:09","slug":"antraege","status":"publish","type":"page","link":"https:\/\/test.feuerwehrdelingsdorf.de\/index.php\/antraege\/","title":{"rendered":"Antr\u00e4ge"},"content":{"rendered":"\r\n<p>Hier finden Sie alle Antr\u00e4ge, um Mitglied der Feuerwehr zu werden!<\/p>\r\n\r\n\r\n\r\n<p>Sollten Sie Interesse haben, f\u00fcllen sie den jeweiligen Antrag aus und schicken sie diesen dann an: <a href=\"mailto:wehrfuehrung@feuerwehrdelingsdorf.de\">wehrfuehrung@feuerwehrdelingsdorf.de<\/a><\/p>\r\n\r\n\r\n\r\n<p>F\u00fcr Jugendfeuerwehrantr\u00e4ge nutzen Sie bitte: <a href=\"mailto:jugendwartung@feuerwehrdelingsdorf.de\">jugendwartung@feuerwehrdelingsdorf.de<\/a><\/p>\r\n\r\n\r\n<hr class=\"wp-block-separator has-alpha-channel-opacity is-style-wide\" \/>\r\n\r\n<div class='w3eden'><!-- WPDM Link Template: Default Template -->\n\n<div class=\"link-template-default card mb-2\">\n    <div class=\"card-body\">\n        <div class=\"media\">\n            <div class=\"mr-3 img-48\"><img decoding=\"async\" class=\"wpdm_icon\" alt=\"Icon\" src=\"https:\/\/test.feuerwehrdelingsdorf.de\/wp-content\/plugins\/download-manager\/assets\/file-type-icons\/pdf.svg\" \/><\/div>\n            <div class=\"media-body\">\n                <h3 class=\"package-title\"><a href='https:\/\/test.feuerwehrdelingsdorf.de\/index.php\/download\/einsatzabteilung-aufnahmeantrag\/'>Einsatzabteilung Aufnahmeantrag<\/a><\/h3>\n                <div class=\"text-muted text-small\"><i class=\"fas fa-copy\"><\/i> 1 Datei(en) <i class=\"fas fa-hdd ml-3\"><\/i> 297.06 KB<\/div>\n            <\/div>\n            <div class=\"ml-3\">\n                <a class='wpdm-download-link download-on-click btn btn-primary ' rel='nofollow' href='#' data-downloadurl=\"https:\/\/test.feuerwehrdelingsdorf.de\/index.php\/download\/einsatzabteilung-aufnahmeantrag\/?wpdmdl=159&refresh=69e0e1f9947b01776345593\">Download<\/a>\n            <\/div>\n        <\/div>\n    <\/div>\n<\/div>\n\n<\/div>\n\r\n\r\n<div class='w3eden'><!-- WPDM Link Template: Default Template -->\n\n<div class=\"link-template-default card mb-2\">\n    <div class=\"card-body\">\n        <div class=\"media\">\n            <div class=\"mr-3 img-48\"><img decoding=\"async\" class=\"wpdm_icon\" alt=\"Icon\" src=\"https:\/\/test.feuerwehrdelingsdorf.de\/wp-content\/plugins\/download-manager\/assets\/file-type-icons\/pdf.svg\" \/><\/div>\n            <div class=\"media-body\">\n                <h3 class=\"package-title\"><a href='https:\/\/test.feuerwehrdelingsdorf.de\/index.php\/download\/jugendfeuerwehr-aufnahmeantrag\/'>Jugendfeuerwehr Aufnahmeantrag<\/a><\/h3>\n                <div class=\"text-muted text-small\"><i class=\"fas fa-copy\"><\/i> 1 Datei(en) <i class=\"fas fa-hdd ml-3\"><\/i> 408.47 KB<\/div>\n            <\/div>\n            <div class=\"ml-3\">\n                <a class='wpdm-download-link download-on-click btn btn-primary ' rel='nofollow' href='#' data-downloadurl=\"https:\/\/test.feuerwehrdelingsdorf.de\/index.php\/download\/jugendfeuerwehr-aufnahmeantrag\/?wpdmdl=157&refresh=69e0e1f9964d61776345593\">Download<\/a>\n            <\/div>\n        <\/div>\n    <\/div>\n<\/div>\n\n<\/div>\n\r\n\r\n<div class='w3eden'><!-- WPDM Link Template: Default Template -->\n\n<div class=\"link-template-default card mb-2\">\n    <div class=\"card-body\">\n        <div class=\"media\">\n            <div class=\"mr-3 img-48\"><img decoding=\"async\" class=\"wpdm_icon\" alt=\"Icon\" src=\"https:\/\/test.feuerwehrdelingsdorf.de\/wp-content\/plugins\/download-manager\/assets\/file-type-icons\/pdf.svg\" \/><\/div>\n            <div class=\"media-body\">\n                <h3 class=\"package-title\"><a href='https:\/\/test.feuerwehrdelingsdorf.de\/index.php\/download\/foerderndes-mitglied-aufnahmeantrag\/'>F\u00f6rderndes Mitglied Aufnahmeantrag<\/a><\/h3>\n                <div class=\"text-muted text-small\"><i class=\"fas fa-copy\"><\/i> 1 Datei(en) <i class=\"fas fa-hdd ml-3\"><\/i> 260.77 KB<\/div>\n            <\/div>\n            <div class=\"ml-3\">\n                <a class='wpdm-download-link download-on-click btn btn-primary ' rel='nofollow' href='#' data-downloadurl=\"https:\/\/test.feuerwehrdelingsdorf.de\/index.php\/download\/foerderndes-mitglied-aufnahmeantrag\/?wpdmdl=160&refresh=69e0e1f99740d1776345593\">Download<\/a>\n            <\/div>\n        <\/div>\n    <\/div>\n<\/div>\n\n<\/div>\n","protected":false},"excerpt":{"rendered":"<p>Hier finden Sie alle Antr\u00e4ge, um Mitglied der Feuerwehr zu werden! Sollten Sie Interesse haben, f\u00fcllen sie den jeweiligen Antrag aus und schicken sie diesen dann an: wehrfuehrung@feuerwehrdelingsdorf.de F\u00fcr Jugendfeuerwehrantr\u00e4ge nutzen Sie bitte: jugendwartung@feuerwehrdelingsdorf.de<\/p>\n","protected":false},"author":6,"featured_media":0,"parent":0,"menu_order":0,"comment_status":"closed","ping_status":"closed","template":"","meta":{"footnotes":""},"class_list":["post-141","page","type-page","status-publish","hentry"],"jetpack_sharing_enabled":true,"_links":{"self":[{"href":"https:\/\/test.feuerwehrdelingsdorf.de\/index.php\/wp-json\/wp\/v2\/pages\/141","targetHints":{"allow":["GET"]}}],"collection":[{"href":"https:\/\/test.feuerwehrdelingsdorf.de\/index.php\/wp-json\/wp\/v2\/pages"}],"about":[{"href":"https:\/\/test.feuerwehrdelingsdorf.de\/index.php\/wp-json\/wp\/v2\/types\/page"}],"author":[{"embeddable":true,"href":"https:\/\/test.feuerwehrdelingsdorf.de\/index.php\/wp-json\/wp\/v2\/users\/6"}],"replies":[{"embeddable":true,"href":"https:\/\/test.feuerwehrdelingsdorf.de\/index.php\/wp-json\/wp\/v2\/comments?post=141"}],"version-history":[{"count":10,"href":"https:\/\/test.feuerwehrdelingsdorf.de\/index.php\/wp-json\/wp\/v2\/pages\/141\/revisions"}],"predecessor-version":[{"id":474,"href":"https:\/\/test.feuerwehrdelingsdorf.de\/index.php\/wp-json\/wp\/v2\/pages\/141\/revisions\/474"}],"wp:attachment":[{"href":"https:\/\/test.feuerwehrdelingsdorf.de\/index.php\/wp-json\/wp\/v2\/media?parent=141"}],"curies":[{"name":"wp","href":"https:\/\/api.w.org\/{rel}","templated":true}]}}