{"id":133,"date":"2022-11-19T15:13:37","date_gmt":"2022-11-19T14:13:37","guid":{"rendered":"https:\/\/test.feuerwehrdelingsdorf.de\/?page_id=133"},"modified":"2023-01-19T21:56:46","modified_gmt":"2023-01-19T20:56:46","slug":"aktuelles","status":"publish","type":"page","link":"https:\/\/test.feuerwehrdelingsdorf.de\/index.php\/aktuelles\/","title":{"rendered":"Aktuelles"},"content":{"rendered":"<ul class=\"wp-block-latest-posts__list has-dates aligncenter wp-block-latest-posts\"><li><a class=\"wp-block-latest-posts__post-title\" href=\"https:\/\/test.feuerwehrdelingsdorf.de\/index.php\/bundesweiter-warntag-am-08-12-2022\/\">Bundesweiter Warntag am 08.12.2022<\/a><time datetime=\"2022-11-20T21:13:02+01:00\" class=\"wp-block-latest-posts__post-date\">20. November 2022<\/time><div class=\"wp-block-latest-posts__post-full-content\"><!-- wp:paragraph {\"align\":\"left\"} -->\r\n<p class=\"has-text-align-left\">Am Donnerstag den 08.12.2022 um 11:00 Uhr findet ein erneuter bundesweiter Warntag statt. Hierzu wird unter anderem die kostenlose Warn App NINA benutzt. Au\u00dferdem sollen s\u00e4mtliche Sirenen ert\u00f6nen.<\/p>\r\n<!-- \/wp:paragraph -->\r\n\r\n<!-- wp:paragraph {\"align\":\"left\"} -->\r\n<p class=\"has-text-align-left\">Dies dient zur \u00dcberpr\u00fcfung der Leistungsf\u00e4higkeit der Systeme und bereitet die Bev\u00f6lkerung auf einen Erstfall vor.<\/p>\r\n<!-- \/wp:paragraph -->\r\n\r\n<!-- wp:paragraph {\"align\":\"left\"} -->\r\n<p class=\"has-text-align-left\">Weitere Informationen zur App, finden Sie unter diesem Link: <a href=\"https:\/\/www.feuerwehrdelingsdorf.de\/?page_id=752\">https:\/\/www.feuerwehrdelingsdorf.de\/?page_id=752<\/a><\/p>\r\n<!-- \/wp:paragraph -->\r\n\r\n<!-- wp:paragraph {\"align\":\"left\"} -->\r\n<p class=\"has-text-align-left\">Weitere Informationen zum Warntag k\u00f6nnen Sie diesem Beitrag entnehmen: <a href=\"https:\/\/www.tagesschau.de\/inland\/warntag-dezember-101.html\">https:\/\/www.tagesschau.de\/inland\/warntag-dezember-101.html<\/a><\/p>\r\n<!-- \/wp:paragraph --><\/div><\/li>\n<\/ul>","protected":false},"excerpt":{"rendered":"","protected":false},"author":6,"featured_media":0,"parent":0,"menu_order":0,"comment_status":"closed","ping_status":"closed","template":"","meta":{"footnotes":""},"class_list":["post-133","page","type-page","status-publish","hentry"],"jetpack_sharing_enabled":true,"_links":{"self":[{"href":"https:\/\/test.feuerwehrdelingsdorf.de\/index.php\/wp-json\/wp\/v2\/pages\/133","targetHints":{"allow":["GET"]}}],"collection":[{"href":"https:\/\/test.feuerwehrdelingsdorf.de\/index.php\/wp-json\/wp\/v2\/pages"}],"about":[{"href":"https:\/\/test.feuerwehrdelingsdorf.de\/index.php\/wp-json\/wp\/v2\/types\/page"}],"author":[{"embeddable":true,"href":"https:\/\/test.feuerwehrdelingsdorf.de\/index.php\/wp-json\/wp\/v2\/users\/6"}],"replies":[{"embeddable":true,"href":"https:\/\/test.feuerwehrdelingsdorf.de\/index.php\/wp-json\/wp\/v2\/comments?post=133"}],"version-history":[{"count":4,"href":"https:\/\/test.feuerwehrdelingsdorf.de\/index.php\/wp-json\/wp\/v2\/pages\/133\/revisions"}],"predecessor-version":[{"id":444,"href":"https:\/\/test.feuerwehrdelingsdorf.de\/index.php\/wp-json\/wp\/v2\/pages\/133\/revisions\/444"}],"wp:attachment":[{"href":"https:\/\/test.feuerwehrdelingsdorf.de\/index.php\/wp-json\/wp\/v2\/media?parent=133"}],"curies":[{"name":"wp","href":"https:\/\/api.w.org\/{rel}","templated":true}]}}